{"id":49,"date":"2014-07-29T17:57:31","date_gmt":"2014-07-29T17:57:31","guid":{"rendered":"http:\/\/www.avqmr.org\/?page_id=49"},"modified":"2023-06-26T21:39:47","modified_gmt":"2023-06-26T21:39:47","slug":"liens","status":"publish","type":"page","link":"http:\/\/www.avqmr.org\/?page_id=49","title":{"rendered":"Liens"},"content":{"rendered":"<h1><b>1. Associations professionnelles et organisations qu\u00e9b\u00e9coises<\/b><\/h1>\n<p><b><b><a href=\"http:\/\/www.amvq.qc.ca\">Association des m\u00e9decins v\u00e9t\u00e9rinaires du Qu\u00e9bec (AMVQ) en pratique des petits animaux<\/a><\/b><\/b><\/p>\n<p><b><a href=\"http:\/\/www.aqss.ca\">Association qu\u00e9b\u00e9coise des SPA et SPCA (AQSS)<\/a><\/b><\/p>\n<p><a href=\"http:\/\/https\/\/animaquebec.com\" data-wplink-url-error=\"true\"><strong>Association Nationale d&rsquo;intervention pour le mieux-\u00eatre animale (ANIMA-Quebec)<\/strong><\/a><\/p>\n<p><strong><a href=\"htto:www.atsaq.org\">Association des techniciens en sant<\/a><a href=\"http:\/\/www.omvq.qc.ca\/\">\u00e9<\/a><a href=\"htto:www.atsaq.org\"> animale du Qu<\/a><a href=\"http:\/\/www.omvq.qc.ca\/\">\u00e9<\/a><a href=\"htto:www.atsaq.org\">bec (ATSAQ)<\/a><\/strong><\/p>\n<p><strong><a href=\"http:\/\/www.omvq.qc.ca\/\">Ordre des m\u00e9decins v\u00e9t\u00e9rinaires du Qu\u00e9bec (OMVQ)<\/a>\u00a0<\/strong><\/p>\n<p><strong><a href=\"http:\/\/sterilisationanimalequebec.ca\">St\u00e9rilisation animal Qu\u00e9bec<\/a><\/strong><\/p>\n<h1><b>2. Formation en m\u00e9decine\u00a0de refuge\u00a0<\/b><\/h1>\n<p><strong><a href=\"http:\/\/www.avqmr.org\/wp-content\/uploads\/2017\/02\/liens-formation.docx\">Formation continue en m\u00e9decine de refuge <em>cliquer ici<\/em> \u00a0pour voir dossier complet\u00a0<\/a><\/strong><\/p>\n<h1><\/h1>\n<h1><\/h1>\n<h1><b>3. Refuges\u00a0<\/b><\/h1>\n<p><strong><strong><a href=\"http:\/\/chiotsnordiques.com\">Chiots Nordiques<\/a><\/strong><\/strong><\/p>\n<p><strong><a href=\"http:\/\/www.medvet.umontreal.ca\/affairevieetudiantes\/clinique_jeunes_rue.html\">Clinique des animaux des jeunes de la rue<\/a><\/strong><\/p>\n<p><strong><a href=\"http:\/\/www.medvet.umontreal.ca\/affairevieetudiantes\/LeRefuge.html\">Le Refuge de la facult\u00e9 de m\u00e9decine v\u00e9t\u00e9rinaire<\/a><\/strong><\/p>\n<p><a href=\"http:\/\/animauxrive-sud.com\"><strong>Services Animaliers Rive-Sud<\/strong><\/a><\/p>\n<p><strong><a href=\"http:\/\/www.spaavic.com\/\">SPA d&rsquo;Arthabaska<\/a><\/strong><\/p>\n<p><strong><a href=\"http:\/\/www.spadrummond.com\">SPA de Drummond<\/a><\/strong><\/p>\n<p><a href=\"http:\/\/www.spaestrie.qc.ca\"><strong>SPA de l&rsquo;Estrie<\/strong><\/a><\/p>\n<p><a href=\"http:\/\/www.spamauricie.com\"><b>SPA Mauricie<\/b><\/a><\/p>\n<p><strong><a href=\"http:\/\/www.spca-outaouais.org\">SPA de l&rsquo;Outaouais<\/a><\/strong><\/p>\n<p><strong><a href=\"http:\/\/www.spadequebec.ca\">SPA de Qu\u00e9bec<\/a><\/strong><\/p>\n<p><a href=\"http:\/\/spcacotenord.com\/\"><strong>SPCA de la C\u00f4te-Nord<\/strong><\/a><\/p>\n<p><a href=\"http:\/\/www.spcall.ca\"><b>SPCA Laurentides-Labelle<\/b><\/a><\/p>\n<p><a href=\"http:\/\/www.spcalanaudiere.com\"><strong>SPCA Lanaudi\u00e8re Basses-Laurentides<\/strong><\/a><\/p>\n<p><a href=\"http:\/\/www.spca.com\"><strong>SPCA de Montr\u00e9al<\/strong><\/a><\/p>\n<p><b><a href=\"https:\/\/www.facebook.com\/pages\/SPCA-de-Rouyn-Noranda\/206419132839545\">SPCA de Rouyn-Noranda<\/a><\/b><\/p>\n<h1><b>4.Universit\u00e9s<\/b><\/h1>\n<p><strong><a href=\"http:\/\/www.medvet.umontreal.ca\/\">Facult\u00e9 de m\u00e9decine v\u00e9t\u00e9rinaire de l&rsquo;universit\u00e9 de Montr\u00e9al\u00a0<\/a><\/strong><\/p>\n<p><strong><a href=\"http:\/\/www.sheltermedicine.com\/\">Koret Shelter Medecine programme UC David<\/a><\/strong><\/p>\n<p><strong><a href=\"%20http:\/\/sheltermedicine.vetmed.ufl.edu\/\">Maddie&rsquo;s Shelter Medecine Program<\/a><\/strong><\/p>\n<p><b><a href=\"http:\/\/www.cfsph.iastate.edu\/Products\/maddies-infection-control-manual-for-animal-shelters.php?lang=en\">Maddie&rsquo;s Infection Control Manual for Animal Shelters and for Veterinary Personnel<\/a><\/b><\/p>\n<h1><b>5.\u00a0R<b>\u00e8<\/b>glementation<\/b><\/h1>\n<p><strong><a href=\"http:\/\/www.mapaq.gouv.qc.ca\/\">Code criminel du Canada<\/a><\/strong><\/p>\n<p><strong><a href=\"http:\/\/www.mapaq.gouv.qc.ca\/\">Minist\u00e8re agriculture, p\u00eacheries et alimentation (MAPAQ)<\/a><\/strong><\/p>\n<ul>\n<li><strong><a href=\"http:\/\/www.mapaq.gouv.qc.ca\/fr\/md\/Publications\/Pages\/Details-Publication.aspx?guid=%7B4f2f20dc-f564-4113-830c-5cf7f95a5b94%7D\">Guide d&rsquo;application du r\u00e8glement sur la s\u00e9curit\u00e9 et le bien-\u00eatre des chiens et des chats<\/a><\/strong><\/li>\n<li><strong><a href=\"http:\/\/www.mapaq.gouv.qc.ca\/fr\/Productions\/santeanimale\/securitebea\/Pages\/Securitebienetre.aspx\">Permis<\/a><\/strong><\/li>\n<li><strong><a href=\"http:\/\/www.mapaq.gouv.qc.ca\/fr\/Productions\/santeanimale\/securitebea\/Pages\/Securitebienetre.aspx\">S\u00e9curit\u00e9 et bien-\u00eatre des animaux<\/a><\/strong><\/li>\n<\/ul>\n<h1><b>6. Organisations Canada, \u00c9tats-Unis et internationales<\/b><\/h1>\n<p><strong><a href=\"https:\/\/www.veterinairesaucanada.net\/\">Association canadienne des m\u00e9decins v\u00e9t\u00e9rinaire (ACMV)<\/a><\/strong><\/p>\n<ul>\n<li><strong><a href=\"http:\/\/www.veterinairesaucanada.net\/programs\/animal-abuse.aspx#.UbiA8ZxViz4\"> Cruaut\u00e9 envers les animaux<\/a><\/strong><\/li>\n<\/ul>\n<p><b><a href=\"http:\/\/www.aspca.org\">American Society for the Prevention of Cruelty to Animals (ASPCA)\u00a0<\/a>\u00a0<\/b><\/p>\n<ul>\n<li><strong><a href=\"http:\/\/aspcapro.org\">ASPCA Professionnal<\/a><\/strong><\/li>\n<\/ul>\n<p><strong><a href=\"http:\/\/www.sheltervet.org\">Association of Shelter Veterinarians (ASV)<\/a><\/strong><\/p>\n<p><strong><a href=\"http:\/\/www.cfhs.ca\/\">F\u00e9d\u00e9ration des soci\u00e9t\u00e9s canadiennes d&rsquo;assistance aux animaux (FSCAA)<\/a><\/strong><\/p>\n<p><strong><a href=\"http:\/\/www.hsvma.org\">Humane Society Veterinary Medical Associatio (HSVMA)<\/a>\u00a0<\/strong><\/p>\n<p><strong><a href=\"http:\/\/humanealliance.org\">Humane Alliance<\/a><\/strong><\/p>\n<p><strong><a href=\"https:\/\/www.humanesociety.com\/\">Humane Society International (HSI)<\/a><\/strong><\/p>\n<p><strong><a href=\"http:\/\/www.millioncatchallenge.org\/\">Million Cat Challenge<\/a><\/strong><\/p>\n<p><strong><a href=\"http:\/\/www.ontariospca.ca\">Ontario SPCA (OSPCA)<\/a><\/strong><\/p>\n<p><strong><a href=\"http:\/\/www.petsmartcharities.org\">PetsMart Charities<\/a><\/strong><\/p>\n<p><strong><a href=\"http:\/\/www.avqmr.org\/wp-content\/uploads\/2017\/01\/Resources_THS_2015.docx\">Toronto Humane society<\/a>\u00a0( Resources for Shelters )<\/strong><\/p>\n","protected":false},"excerpt":{"rendered":"<p>1. Associations professionnelles et organisations qu\u00e9b\u00e9coises Association des m\u00e9decins v\u00e9t\u00e9rinaires du Qu\u00e9bec (AMVQ) en pratique des petits animaux Association qu\u00e9b\u00e9coise des SPA et SPCA (AQSS) Association Nationale d&rsquo;intervention pour le mieux-\u00eatre animale (ANIMA-Quebec) Association des techniciens en sant\u00e9 animale du Qu\u00e9bec (ATSAQ) Ordre des m\u00e9decins v\u00e9t\u00e9rinaires du Qu\u00e9bec (OMVQ)\u00a0 St\u00e9rilisation animal Qu\u00e9bec 2. Formation en [&hellip;]<\/p>\n","protected":false},"author":2,"featured_media":0,"parent":0,"menu_order":0,"comment_status":"closed","ping_status":"closed","template":"","meta":{"footnotes":""},"class_list":["post-49","page","type-page","status-publish","hentry"],"_links":{"self":[{"href":"http:\/\/www.avqmr.org\/index.php?rest_route=\/wp\/v2\/pages\/49","targetHints":{"allow":["GET"]}}],"collection":[{"href":"http:\/\/www.avqmr.org\/index.php?rest_route=\/wp\/v2\/pages"}],"about":[{"href":"http:\/\/www.avqmr.org\/index.php?rest_route=\/wp\/v2\/types\/page"}],"author":[{"embeddable":true,"href":"http:\/\/www.avqmr.org\/index.php?rest_route=\/wp\/v2\/users\/2"}],"replies":[{"embeddable":true,"href":"http:\/\/www.avqmr.org\/index.php?rest_route=%2Fwp%2Fv2%2Fcomments&post=49"}],"version-history":[{"count":11,"href":"http:\/\/www.avqmr.org\/index.php?rest_route=\/wp\/v2\/pages\/49\/revisions"}],"predecessor-version":[{"id":1886,"href":"http:\/\/www.avqmr.org\/index.php?rest_route=\/wp\/v2\/pages\/49\/revisions\/1886"}],"wp:attachment":[{"href":"http:\/\/www.avqmr.org\/index.php?rest_route=%2Fwp%2Fv2%2Fmedia&parent=49"}],"curies":[{"name":"wp","href":"https:\/\/api.w.org\/{rel}","templated":true}]}}