{"id":47,"date":"2014-07-29T17:57:12","date_gmt":"2014-07-29T17:57:12","guid":{"rendered":"http:\/\/www.avqmr.org\/?page_id=47"},"modified":"2025-05-16T00:58:14","modified_gmt":"2025-05-16T00:58:14","slug":"devenir-membre","status":"publish","type":"page","link":"http:\/\/www.avqmr.org\/?page_id=47","title":{"rendered":"Devenir membre"},"content":{"rendered":"<p>Pour devenir membre :<\/p>\n<p><em>L<\/em>&lsquo;Association v\u00e9t\u00e9rinaire qu\u00e9b\u00e9coise de m\u00e9decine de refuge (AVQMR) amorce avec enthousiasme sa cinqui\u00e8me ann\u00e9e d&rsquo;existence. D\u00e9j\u00e0 une structure solide est \u00e9tablie et jette les bases des projets que nous r\u00e9aliserons. Les chantiers sont nombreux et l\u2019ambition, particuli\u00e8rement \u00e9lev\u00e9e. Faire progresser la m\u00e9decine de population d\u2019animaux de compagnie \u2013 en refuge, dans les \u00e9levages et les animaleries \u2013 et contribuer directement au bien-\u00eatre des animaux sont nos leitmotiv. Parmi ses projets prioritaires, l\u2019AVQMR compte :<\/p>\n<ul>\n<li>accro\u00eetre l\u2019exposition des \u00e9tudiants en m\u00e9decine v\u00e9t\u00e9rinaire \u00e0 la m\u00e9decine de refuge;<\/li>\n<li>organiser des activit\u00e9s de formation continue reconnue;<\/li>\n<li>participer \u00e0 l\u2019\u00e9laboration de normes minimales d\u2019exercice dans notre secteur d\u2019activit\u00e9s;<\/li>\n<li>documenter et faire reconna\u00eetre le travail des m\u00e9decins v\u00e9t\u00e9rinaires en refuge (implication, contrats, r\u00e9mun\u00e9ration, etc.).<\/li>\n<\/ul>\n<p>Prendre position sur divers enjeux ayant \u00e0 trait la sant\u00e9 et au bien-\u00eatre des animaux de compagnie fait \u00e9galement partie de nos plans. L\u2019AVQMR reposant enti\u00e8rement sur le b\u00e9n\u00e9volat, les efforts de nos membres sont pr\u00e9cieux et grandement appr\u00e9ci\u00e9s. Leur apport contribue \u00e0 l\u2019avancement de la m\u00e9decine de population d\u2019animaux de compagnie et au mieux-\u00eatre animal. Saviez-vous que plusieurs aspects de la m\u00e9decine de refuge ont des impacts directs sur la pratique des animaux de compagnie en clinique?\u00a0Saviez-vous que les interventions en clinique priv\u00e9e ont des impacts directs sur la m\u00e9decine de refuge? Si vous voulez rester inform\u00e9 de l\u2019\u00e9volution de ce secteur d\u2019activit\u00e9s, si vous d\u00e9sirez le voir progresser et \u00eatre un acteur de ce progr\u00e8s, devenez d\u00e8s aujourd\u2019hui membre de l\u2019AVQMR<em>.<\/em>\u00a0<\/p>\n<hr \/>\n<p style=\"font-weight: 400;\">Devenir membre de l\u2019AVQMR, c\u2019est contribuer \u00e0 l\u2019avancement de la m\u00e9decine de refuge.\u00a0<\/p>\n<p style=\"font-weight: 400;\">Inscription pour v\u00e9t\u00e9rinaires et TSA :\u00a0 Voici le lien \u00e0 utiliser :\u00a0<a href=\"https:\/\/avqmr-membre.s1.yapla.com\/fr\/membres\/adhesion\/\" target=\"_blank\" rel=\"noopener\" data-saferedirecturl=\"https:\/\/www.google.com\/url?q=https:\/\/avqmr-membre.s1.yapla.com\/fr\/membres\/adhesion\/&amp;source=gmail&amp;ust=1747443203533000&amp;usg=AOvVaw1MKd45AyHSDvR3U2J3Hon1\">https:\/\/avqmr-membre.s1.<wbr \/>yapla.com\/fr\/membres\/adhesion\/<\/a>\u00a0 aussi la lettre explicative des tarifs\u00a0 <a href=\"https:\/\/cdn.ca.yapla.com\/company\/CPYYL5mfjw6lIi0q4ox12rd8N\/asset\/files\/avqmr_avisdecotisation_pdf.pdf\" data-cke-saved-href=\"https:\/\/cdn.ca.yapla.com\/company\/CPYYL5mfjw6lIi0q4ox12rd8N\/asset\/files\/avqmr_avisdecotisation_pdf.pdf\">Avis de cotisations 2025-2026<\/a><\/p>\n<p style=\"font-weight: 400;\">Si vous avez des questions, communiquez avec nous \u00e0\u00a0<a href=\"mailto:info.avqmr@gmail.com\">info.avqmr@gmail.com<\/a><\/p>\n\n\n<p><\/p>\n","protected":false},"excerpt":{"rendered":"<p>Pour devenir membre : L&lsquo;Association v\u00e9t\u00e9rinaire qu\u00e9b\u00e9coise de m\u00e9decine de refuge (AVQMR) amorce avec enthousiasme sa cinqui\u00e8me ann\u00e9e d&rsquo;existence. D\u00e9j\u00e0 une structure solide est \u00e9tablie et jette les bases des projets que nous r\u00e9aliserons. Les chantiers sont nombreux et l\u2019ambition, particuli\u00e8rement \u00e9lev\u00e9e. Faire progresser la m\u00e9decine de population d\u2019animaux de compagnie \u2013 en refuge, dans [&hellip;]<\/p>\n","protected":false},"author":2,"featured_media":0,"parent":0,"menu_order":0,"comment_status":"closed","ping_status":"closed","template":"","meta":{"footnotes":""},"class_list":["post-47","page","type-page","status-publish","hentry"],"_links":{"self":[{"href":"http:\/\/www.avqmr.org\/index.php?rest_route=\/wp\/v2\/pages\/47","targetHints":{"allow":["GET"]}}],"collection":[{"href":"http:\/\/www.avqmr.org\/index.php?rest_route=\/wp\/v2\/pages"}],"about":[{"href":"http:\/\/www.avqmr.org\/index.php?rest_route=\/wp\/v2\/types\/page"}],"author":[{"embeddable":true,"href":"http:\/\/www.avqmr.org\/index.php?rest_route=\/wp\/v2\/users\/2"}],"replies":[{"embeddable":true,"href":"http:\/\/www.avqmr.org\/index.php?rest_route=%2Fwp%2Fv2%2Fcomments&post=47"}],"version-history":[{"count":10,"href":"http:\/\/www.avqmr.org\/index.php?rest_route=\/wp\/v2\/pages\/47\/revisions"}],"predecessor-version":[{"id":1968,"href":"http:\/\/www.avqmr.org\/index.php?rest_route=\/wp\/v2\/pages\/47\/revisions\/1968"}],"wp:attachment":[{"href":"http:\/\/www.avqmr.org\/index.php?rest_route=%2Fwp%2Fv2%2Fmedia&parent=47"}],"curies":[{"name":"wp","href":"https:\/\/api.w.org\/{rel}","templated":true}]}}