{"id":40,"date":"2014-07-29T17:56:01","date_gmt":"2014-07-29T17:56:01","guid":{"rendered":"http:\/\/www.avqmr.org\/?page_id=40"},"modified":"2024-11-13T14:01:19","modified_gmt":"2024-11-13T14:01:19","slug":"actualite","status":"publish","type":"page","link":"http:\/\/www.avqmr.org\/?page_id=40","title":{"rendered":"Actualit\u00e9"},"content":{"rendered":"<div class=\"clearfix _5x46\">\n<div class=\"_3dp _29k\">\n<div class=\"_6a\">\n<div>\n<div><\/div>\n<div><strong><span style=\"color: #000000;\">2024 <\/span><\/strong><\/div>\n<div><\/div>\n<div><strong><a href=\"https:\/\/www.legisquebec.gouv.qc.ca\/fr\/document\/rc\/B-3.1,%20r.%200.1%20\/\" target=\"_blank\" rel=\"noopener noreferrer\" data-saferedirecturl=\"https:\/\/www.google.com\/url?q=https:\/\/www.legisquebec.gouv.qc.ca\/fr\/document\/rc\/B-3.1,%2520r.%25200.1%2520\/&amp;source=gmail&amp;ust=1731592128825000&amp;usg=AOvVaw0vQ1H5gNMKvm1zeDuO9YSG\">R\u00e8glement sur le bien-\u00eatre et la s\u00e9curit\u00e9 des animaux domestiques de compagnie et des \u00e9quid\u00e9s<\/a>.<\/strong><\/div>\n<div><\/div>\n<div><\/div>\n<div><\/div>\n<div><\/div>\n<div><\/div>\n<div><\/div>\n<div><\/div>\n<div><\/div>\n<div><\/div>\n<div><\/div>\n<div><\/div>\n<div><strong><span style=\"color: #000000;\">2021<\/span> &#8211; <span style=\"color: #000000;\">Avis d&rsquo;Adoption de chiens du Nord-du-Qu\u00e9bec ;<\/span><\/strong><\/div>\n<\/div>\n<\/div>\n<div><\/div>\n<div><\/div>\n<div><strong><a href=\"http:\/\/www.avqmr.org\/wp-content\/uploads\/2021\/05\/Avis-adoption-chiens-NdQ-VF.pdf\">AVIS- MAPAQ<\/a>\u00a0<\/strong><\/div>\n<\/div>\n<\/div>\n<div><\/div>\n<div><\/div>\n<div><strong><a href=\"http:\/\/www.avqmr.org\/wp-content\/uploads\/2021\/05\/Depliant-Chiens-du-Nord-85x11_V2.pdf\">AVANT D&rsquo;ADOPTER UN CHIEN DU NORD- D\u00c9PLIANT\u00a0<\/a><\/strong><\/div>\n<div><\/div>\n<div><span style=\"color: #000000;\"><strong>20<span style=\"color: #000000;\"><strong>20<\/strong>&#8211;<\/span> Nouvelle r\u00e9glementation\u00a0<\/strong><\/span><\/div>\n<div><strong><a href=\"http:\/\/www.avqmr.org\/wp-content\/uploads\/2021\/05\/Reglement.pdf\">A jour au 1 er avril 2020-R\u00e9glementation\u00a0 provinciale d&rsquo;encadrement des chiens\u00a0<\/a><\/strong><\/div>\n<div><\/div>\n<div><strong style=\"color: initial;\">2020-L&rsquo;AAFP a \u00e9mis de nouvelles recommandations pour la gestion des chats positifs au FeLV et au FIV<\/strong><span style=\"color: initial;\"> et une section est consacr\u00e9e aux refuges.\u00a0 Ces recommandations de m\u00eame qu&rsquo;une brochure pour les clients sont disponibles <\/span><strong style=\"color: initial;\">pour t\u00e9l\u00e9chargements \u00e0 l&rsquo;adresse suivante:<\/strong><\/div>\n<div class=\"clearfix _5x46\">\n<div class=\"_3dp _29k\">\n<div class=\"_6a\">\n<div>\n<div><strong><a href=\"https:\/\/catvets.com\/guidelines\/practice-guidelines\/retrovirus-management-guidelines\" target=\"_blank\" rel=\"noopener\" data-saferedirecturl=\"https:\/\/www.google.com\/url?q=https:\/\/catvets.com\/guidelines\/practice-guidelines\/retrovirus-management-guidelines&amp;source=gmail&amp;ust=1580152872225000&amp;usg=AFQjCNEMCFZpfMLSsD5D1gHI9FRPFOW9Sg\">https:\/\/catvets.com\/<wbr \/>guidelines\/practice-<wbr \/>guidelines\/retrovirus-<wbr \/>management-guidelines<\/a><\/strong><\/div>\n<p><span style=\"color: #000000;\"><strong>2019-R\u00f4le du m\u00e9decin v\u00e9t\u00e9rinaire en refuge<\/strong><\/span><\/p>\n<ul>\n<li>\u00a0<strong>What is the Role of a Veterinarian in Animal Shelters? :<\/strong><\/li>\n<\/ul>\n<div><span style=\"color: #0000ff;\"><strong><a style=\"color: #0000ff;\" href=\"http:\/\/www.maddiesfund.org\/what-is-the-role-of-a-veterinarian-in-animal-shelters.htm\" target=\"_blank\" rel=\"noopener\" data-saferedirecturl=\"https:\/\/www.google.com\/url?hl=en&amp;q=http:\/\/www.maddiesfund.org\/what-is-the-role-of-a-veterinarian-in-animal-shelters.htm&amp;source=gmail&amp;ust=1527001195684000&amp;usg=AFQjCNECEB3eKRlDIPTnEFCGaQPYhkuPVQ\">http:\/\/www.maddiesfund.org\/wha<wbr \/>t-is-the-role-of-a-veterinaria<wbr \/>n-in-animal-shelters.htm<\/a><\/strong><\/span><\/div>\n<ul>\n<li>\u00a0<strong>Vid\u00e9o : Shelter Medicine : The Past, Present and Futur of Saving Animals Lives:<\/strong><\/li>\n<\/ul>\n<div><span style=\"color: #0000ff;\"><strong><a style=\"color: #0000ff;\" href=\"http:\/\/sheltermedicinechangeseverything.org\/\" target=\"_blank\" rel=\"noopener\" data-saferedirecturl=\"https:\/\/www.google.com\/url?hl=en&amp;q=http:\/\/sheltermedicinechangeseverything.org\/&amp;source=gmail&amp;ust=1527001195684000&amp;usg=AFQjCNHQsacWpMYIPUDoV-czT8WnFdQW-A\">http:\/\/sheltermedicinechangese<wbr \/>verything.org\/<\/a><\/strong><\/span><\/div>\n<ul>\n<li>\u00a0<strong>\u200bToday\u2019s veterinary students say they want to be tomorrow\u2019s shelter veterinarians (AVMA market analysis)\u200b:<\/strong><\/li>\n<\/ul>\n<div>\n<div><span style=\"color: #0000ff;\"><a style=\"color: #0000ff;\" href=\"http:\/\/chewonthis.maddiesfund.org\/2017\/06\/todays-veterinary-students-say-they-want-to-be-tomorrows-shelter-veterinarians\/\" target=\"_blank\" rel=\"noopener\" data-saferedirecturl=\"https:\/\/www.google.com\/url?hl=en&amp;q=http:\/\/chewonthis.maddiesfund.org\/2017\/06\/todays-veterinary-students-say-they-want-to-be-tomorrows-shelter-veterinarians\/&amp;source=gmail&amp;ust=1527001195684000&amp;usg=AFQjCNF_WqnJiKzR7kbLltaZwDNzeS7Ejg\"><strong>http:\/\/chewonthis.maddiesfund.<wbr \/>org\/2017\/06\/todays-veterinary-<wbr \/>students-say-they-want-to-be-t<wbr \/>omorrows-shelter-veterinarians<wbr \/>\/<\/strong><\/a><\/span><\/div>\n<div><\/div>\n<\/div>\n<div><\/div>\n<div>\n<div><span style=\"color: #000000;\"><strong>Rapport 2017 de l\u2019organisme CFHS-FCSAA :<\/strong><\/span><\/div>\n<\/div>\n<div class=\"gmail_default\"><\/div>\n<div class=\"gmail_default\"><span style=\"color: #0000ff;\"><strong><a style=\"color: #0000ff;\" href=\"https:\/\/www.cfhs.ca\/cats_in_canada_2017\" target=\"_blank\" rel=\"noopener\" data-saferedirecturl=\"https:\/\/www.google.com\/url?hl=en&amp;q=https:\/\/www.cfhs.ca\/cats_in_canada_2017&amp;source=gmail&amp;ust=1527001195684000&amp;usg=AFQjCNExYdJg-dUQDt3r3kA98yrkh8gMEQ\">https:\/\/www.cfhs.ca\/cats_in_ca<wbr \/>nada_2017<\/a><\/strong><\/span><\/div>\n<p><span style=\"color: #000000;\"><strong>08 avril 2018<\/strong><\/span> <span style=\"color: #000000;\">: <strong>Pour des chats prot\u00e9g\u00e9s par la communaut\u00e9 CSRM<\/strong><\/span>:\u00a0<strong><span style=\"color: #0000ff;\"><a style=\"color: #0000ff;\" href=\"https:\/\/www.lesoleil.com\/actualite\/pour-des-chats-proteges-par-les-communautes-f1d0871a79adf45bb279b302fe82c32d\">https:\/\/www.lesoleil.com\/actualite\/pour-des-chats-proteges-par-les-communautes-f1d0871a79adf45bb279b302fe82c32d<\/a><\/span><\/strong><\/p>\n<p><strong><span style=\"color: #000000;\">09 avril 2017 : Dr. David Suzuki is joining us as our guest of honour at the<\/span> <span style=\"color: #0000ff;\"><span style=\"color: #000000;\"><a style=\"color: #000000;\" href=\"http:\/\/conference.cfhs.ca\/gala\" target=\"_blank\" rel=\"noopener noreferrer nofollow\">CFHS 60th Anniversary Awards Gala<\/a> on Sunday, April 9th. The gala is an event of the <a style=\"color: #000000;\" href=\"http:\/\/conference.cfhs.ca\/\" target=\"_blank\" rel=\"noopener noreferrer nofollow\">2017 CFHS National Animal Welfare Conference.<\/a><\/span><a style=\"color: #0000ff;\" href=\"http:\/\/www.avqmr.org\/wp-content\/uploads\/2017\/03\/Schedule_Feb10.pdf\"><em>Horaire 08 avril au 11 avril 2017\u00a0<\/em><\/a><\/span><\/strong><\/p>\n<hr \/>\n<p><span style=\"color: #0000ff;\"><strong><em>(<a style=\"color: #0000ff;\" href=\"http:\/\/www.avqmr.org\/wp-content\/uploads\/2017\/03\/CFHS-early-bird-email.docx\">Dr. Julie Levy, agree to speak about community cat management and TNR at the Canadian Federation of Humane Societies conference in Ottawa in April)\u00a0<\/a><\/em><\/strong><\/span><\/p>\n<p><strong><span style=\"color: #000000;\">19 septembre 2016<\/span> <span style=\"color: #0000ff;\"><a style=\"color: #0000ff;\" href=\"http:\/\/www.avqmr.org\/wp-content\/uploads\/2016\/09\/Encadrementchiensdangereux-2.docx\">Encadrement des chiens dangereux : Devoirs d<\/a><a style=\"color: #0000ff;\" href=\"http:\/\/www.avqmr.org\/wp-content\/uploads\/2016\/05\/Communiqu\u00e9_CVBeloeil.pdf\">\u00e9<\/a><a style=\"color: #0000ff;\" href=\"http:\/\/www.avqmr.org\/wp-content\/uploads\/2016\/09\/Encadrementchiensdangereux-2.docx\">ontologiques<\/a><\/span><\/strong><\/p>\n<p><strong><span style=\"color: #000000;\">JUILLET\u00a0-AO\u00dbT 2016<\/span> <span style=\"color: #0000ff;\"><a style=\"color: #0000ff;\" href=\"http:\/\/www.avqmr.org\/wp-content\/uploads\/2016\/09\/rapport-de-travail-chiens-dangereux.pdf\">Rapport final -comit<\/a><a style=\"color: #0000ff;\" href=\"http:\/\/www.avqmr.org\/wp-content\/uploads\/2016\/05\/Communiqu\u00e9_CVBeloeil.pdf\">\u00e9<\/a><a style=\"color: #0000ff;\" href=\"http:\/\/www.avqmr.org\/wp-content\/uploads\/2016\/09\/rapport-de-travail-chiens-dangereux.pdf\"> de travail sur l&rsquo;encadrement des chiens dangereux\u00a0<\/a><\/span><\/strong><\/p>\n<p><strong><span style=\"color: #000000;\">09 juin 2016 <\/span><span style=\"color: #000000;\"><span style=\"color: #0000ff;\"><a style=\"color: #0000ff;\" href=\"http:\/\/www.avqmr.org\/wp-content\/uploads\/2016\/07\/CIWG-Report-2016-06-09-FINAL-w-Apx.pdf\">Canadian National Canine importation Working Group\u00a0<\/a>-Report 2016-06-09<\/span><\/span><\/strong><\/p>\n<p><strong><span style=\"color: #000000;\">03 mai 2016<\/span><a href=\"http:\/\/www.avqmr.org\/wp-content\/uploads\/2016\/05\/Communiqu\u00e9_CVBeloeil.pdf\"><span style=\"color: #0000ff;\">Communiqu\u00e9 &#8211; Nouveau protocole lors des st\u00e9rilisations \u00a0\u00e0 la Cliniques v\u00e9t\u00e9rinaires Bel\u0153il-St-Basile \u00a0<\/span><\/a><\/strong><\/p>\n<p><span style=\"color: #000000;\"><strong>24 mars 2016<\/strong><\/span> News &#8211; Ontario Association of Veterinary Technicians \u00a0<strong><span style=\"color: #0000ff;\"><a style=\"color: #0000ff;\" href=\"http:\/\/www.oavt.org\/news.asp?a=view&amp;id=166\">http:\/\/www.oavt.org\/news.asp?a=view&amp;id=166<\/a><\/span><\/strong><\/p>\n<p><span style=\"color: #000000;\"><strong>27 avril 2016\u00a0<\/strong><\/span>Webinaire p\u00e9diatrie en Refuge.<\/p>\n<p>Dr Emmanuel Fontaine donnera un webinaire sur les soins aux nouveau-n\u00e9s en Refuge.<strong>Emmanuel\u00a0<\/strong><strong>Fontaine<\/strong>\u00a0est dipl\u00f4m\u00e9 de l\u2019Ecole V\u00e9t\u00e9rinaire de Toulouse en 2004, il a ensuite continu\u00e9 ses \u00e9tudes \u00e0 l\u2019Ecole V\u00e9t\u00e9rinaire d\u2019Alfort (Paris) dans l\u2019unit\u00e9 d\u00e9di\u00e9 aux carnivores domestiques du d\u00e9partement de Reproduction Animale.<\/p>\n<p>Cliquer sur le lien ci-dessous pour s\u2019inscrire\u00a0:<\/p>\n<p><strong><span style=\"color: #0000ff;\"><a style=\"color: #0000ff;\" href=\"https:\/\/cc.readytalk.com\/cc\/s\/registrations\/new?cid=dzu5fc4zbprc\">https:\/\/cc.readytalk.com\/cc\/s\/registrations\/new?cid=dzu5fc4zbprc<\/a><\/span><\/strong><\/p>\n<\/div>\n<div><\/div>\n<div><strong><span style=\"color: #000000;\">13 avril 2016<\/span><\/strong><\/div>\n<\/div>\n<div class=\"_6a\">\n<div>Les trois animaleries \u00e0 but lucratif d&rsquo;Ottawa devront cesser de vendre des chiens et des chats provenant d&rsquo;\u00e9leveurs priv\u00e9s d&rsquo;ici cinq ans. Un nouveau r\u00e8glement municipal, adopt\u00e9 mercredi, limitera d\u00e9sormais la vente des animaux \u00e0 des organismes sans but lucratif, comme des soci\u00e9t\u00e9s de protection ou des refuges.<\/div>\n<div><\/div>\n<div><strong><span style=\"color: #0000ff;\"><a style=\"color: #0000ff;\" href=\"http:\/\/ici.radio-canada.ca\/regions\/ottawa\/2016\/04\/13\/008-reglement-municipal-ville-ottawa-animalerie-transition-chats-chiens.shtml\" target=\"_blank\" rel=\"noopener noreferrer\">http:\/\/ici.radio-canada.ca\/regions\/ottawa\/2016\/04\/13\/008-reglement-municipal-ville-ottawa-animalerie-transition-chats-chiens.shtml<\/a><\/span><\/strong><\/div>\n<p><span id=\"E-293\"><strong><span style=\"color: #000000;\">Samedi le 9 avril 2016 de 8h30 \u00e0 16h30<\/span> <span style=\"color: #000000;\">,<\/span><\/strong><span style=\"color: #000000;\">L&rsquo;AVQMR est fi\u00e8re de vous inviter \u00e0 participer \u00e0 sa pl\u00e9ni\u00e8re annuelle.\u00a0<\/span><\/span><\/p>\n<p id=\"E-292\"><span id=\"E-11\"><span style=\"color: #000000;\">Le comportement animal chez le chien et le chat <\/span><\/span><\/p>\n<p><span id=\"E-11\"><span style=\"color: #000000;\">Voici le lien pour inscription;<\/span><\/span><\/p>\n<p><strong><span style=\"color: #0000ff;\"><a style=\"color: #0000ff;\" href=\"https:\/\/ecommerce.dexero.com\/shopping\/medvet\/formation_continue\/event\/avqmr_avril2016\/Detail.view\">https:\/\/ecommerce.dexero.com\/shopping\/medvet\/formation_continue\/event\/avqmr_avril2016\/Detail.view<\/a><\/span><\/strong><\/p>\n<p id=\"E-277\"><span id=\"E-263\">Conf\u00e9renci\u00e8res : Sara L.Bennett et Diane Frank<\/span><\/p>\n<p id=\"E-94\"><span id=\"E-95\">Lieu : Facult\u00e9 de m\u00e9decine v\u00e9t\u00e9rinaire<\/span><\/p>\n<p id=\"E-96\"><span id=\"E-97\">3200 rue Sicotte, Saint-Hyacinthe<\/span><\/p>\n<p id=\"E-98\"><span id=\"E-99\">Pour informations : info.avqmr@gmail.com<\/span><\/p>\n<\/div>\n<div class=\"_6a\">\n<p><span class=\"fwb fcg\" style=\"color: #0000ff;\" data-ft=\"{&quot;tn&quot;:&quot;k&quot;}\"><strong><span style=\"color: #000000;\">A<\/span><\/strong><a id=\"js_1s\" style=\"color: #0000ff;\" href=\"https:\/\/www.facebook.com\/HumaneCanada?fref=nf\" data-hovercard=\"\/ajax\/hovercard\/page.php?id=77239972961&amp;extragetparams=%7B%22fref%22%3A%22nf%22%7D\"><strong><span style=\"color: #000000;\">vril 16-19,<\/span><\/strong><strong>2016 Canadian Federation of Humane Societies (CFHS\/FSCAA)<\/strong><\/a><\/span><\/p>\n<div class=\"_5pcp\">\n<div class=\"_6a _29ee _4f-9 _43_1\" data-hover=\"tooltip\" id=\"u_jsonp_17_1m\" aria-label=\"Partag\u00e9 avec\u00a0: Public\">The annual CFHS National Animal Welfare Conference is happening at the Eaton Chelsea in Toronto, April 16-19, 2016.<\/div>\n<div class=\"_6a _29ee _4f-9 _43_1\" data-hover=\"tooltip\" aria-label=\"Partag\u00e9 avec\u00a0: Public\"><\/div>\n<\/div>\n<div class=\"_6a _29ee _4f-9 _43_1\" data-hover=\"tooltip\" aria-label=\"Partag\u00e9 avec\u00a0: Public\"><\/div>\n<\/div>\n<\/div>\n<\/div>\n<p><strong><span style=\"color: #000000;\">17 septembre 2015<\/span> <\/strong><span style=\"color: #000000;\">:<\/span><strong><em>\u00c9v\u00e9nement Mieux-\u00eatre Animal (\u00c9MA) &#8211;\u00a0<\/em><span style=\"color: #0000ff;\"><em><a style=\"color: #0000ff;\" href=\"http:\/\/www.avqmr.org\/wp-content\/uploads\/2014\/12\/EMA2015_Inscription.pdf\">Inscription 2015<\/a><\/em><\/span><\/strong><\/p>\n<p><span style=\"color: #000000;\"><strong>5 juin 2015<\/strong> :<\/span> <strong><span style=\"color: #0000ff;\"><em><a style=\"color: #0000ff;\" href=\"http:\/\/www.assnat.qc.ca\/fr\/travaux-parlementaires\/projets-loi\/projet-loi-54-41-1.html\">Le minist\u00e8re de l&rsquo;Agriculture, des P\u00eacheries et des l&rsquo;Alimentation \u00e0 d\u00e9pos\u00e9 un projet de loi visant l&rsquo;am\u00e9lioration de la situation juridique de l&rsquo;animal \u00e0 l&rsquo;Assembl\u00e9e nationale<\/a><\/em><\/span><\/strong><\/p>\n<p><span style=\"color: #000000;\"><strong>7 au 9 juin 2015<\/strong> : <strong><span style=\"color: #0000ff;\"><em><a style=\"color: #0000ff;\" href=\"http:\/\/www.ontariospca.ca\/conference\/\">Ontario SPCA &#8211; Educational Conference 2015<\/a><\/em><\/span><\/strong><\/span><\/p>\n<ul>\n<li>Invitation \u00e0 moindre frais pour les membres de l&rsquo;AVQMR. Places limit\u00e9es! Contactez nous pour les d\u00e9tails.<\/li>\n<\/ul>\n<p><span style=\"color: #000000;\"><strong>2 au 5 mai 2015<\/strong> :<\/span>\u00a0<strong><span style=\"color: #0000ff;\"><em><a style=\"color: #0000ff;\" href=\"http:\/\/cfhs.ca\/info\/national_animal_welfare_conference_1\/\" target=\"_blank\" rel=\"nofollow noopener\">CFHS National Animal Welfare Conference 2015<\/a><\/em><\/span><\/strong><\/p>\n<p><span style=\"color: #000000;\"><strong>1 mai 2015<\/strong> :<\/span><strong><span style=\"color: #0000ff;\">\u00a0<em><a style=\"color: #0000ff;\" href=\"https:\/\/www.canadapost.ca\/web\/fr\/blogs\/announcements\/details.page?article=2015\/05\/01\/new_stamps_aim_to_pr&amp;cattype=announcements&amp;cat=newsreleases\">Poste Canada &#8211; De nouveaux timbres visent la responsabilisation des propri\u00e9taires d&rsquo;animaux de compagnie<\/a><\/em><\/span><\/strong><\/p>\n<p><span style=\"color: #000000;\"><strong>24 avril 2015<\/strong> :\u00a0<strong><span style=\"color: #0000ff;\"><em><a style=\"color: #0000ff;\" href=\"http:\/\/www.veterinarypracticenews.com\/Study-Confirms-Benefits-of-Pedicle-Tie-Spays\/\">Study Confirms Benefits of Pedicle Tie Spays<\/a><\/em><\/span><\/strong><\/span><\/p>\n<p><span style=\"color: #000000;\"><strong>27 mars 2015<\/strong> :\u00a0<\/span><strong><span style=\"color: #0000ff;\"><em><a style=\"color: #0000ff;\" href=\"http:\/\/www.spca.com\/?p=10887&amp;lang=fr\">Inauguration officielle de la clinique v\u00e9t\u00e9rinaire de st\u00e9rilisation cibl\u00e9e permanente Mittens de la SPCA de Montr\u00e9al<\/a><\/em><\/span><\/strong><\/p>\n<p><span style=\"color: #0000ff;\"><span style=\"color: #000000;\"><strong>26 mars 2015<\/strong> :\u00a0<\/span><strong><em><a style=\"color: #0000ff;\" href=\"http:\/\/www.lenouveleconomiste.fr\/natacha-harry-spa-il-ne-suffit-pas-daimer-les-animaux-pour-bien-gerer-la-spa-26618\/\">Le nouvelliste : Natacha Harry, SPA : \u00ab\u00a0Il ne suffit pas d&rsquo;aimer le animaux pour bien g\u00e9rer la SPA\u00a0\u00bb<\/a><\/em><\/strong><\/span><\/p>\n<p><span style=\"color: #000000;\"><strong>24 f\u00e9vrier 2015<\/strong> :<\/span><strong><span style=\"color: #0000ff;\"><a style=\"color: #0000ff;\" href=\"http:\/\/www.sterilisationanimalequebec.info\/\">Journ\u00e9e nationale de la st\u00e9rilisation animale au Qu\u00e9bec 2015<\/a><\/span><\/strong><\/p>\n<p><span style=\"color: #000000;\"><strong>30 juin 2014<\/strong> :<strong>\u00a0<\/strong><\/span><strong><span style=\"color: #0000ff;\"><em><a style=\"color: #0000ff;\" href=\"http:\/\/www.fil-information.gouv.qc.ca\/Pages\/Article.aspx?idArticle=2206302367\">Bien-\u00eatre des animaux &#8211; Le ministre Paradis annonce la cr\u00e9ation de la ligne 1 844-ANIMAUX pour porter plainte 24 heures sur 24<\/a><\/em><\/span><\/strong><\/p>\n<div><i>\u00c9v\u00e9nement Mieux \u00catre:<\/i><\/div>\n<div>L&rsquo;\u00e9v\u00e9nement Mieux \u00catre \u00e0 eu lieu le <strong>17 septembre 2014.<\/strong><\/div>\n<div><\/div>\n<div>\n<blockquote>\n<div dir=\"ltr\">\n<div>\u00ab\u00a0ANIMA-Qu\u00e9bec, la Fondation du Centre v\u00e9t\u00e9rinaire DMV et la Fondation de l&rsquo;H\u00f4pital v\u00e9t\u00e9rinaire Victoria s&rsquo;unissent pour organiser une lev\u00e9e de fonds, dont les profits recueillis serviront aux activit\u00e9s de bien-\u00eatre animal de chacune de ces organisations. Pour ANIMA-Qu\u00e9bec, celles-ci concernent la concr\u00e9tisation du projet de programme de certification des lieux de garde des chiens et des chats. Trois \u00e9v\u00e9nements r\u00e9unis sous un seul grand d&rsquo;envergure! \u00c9videment, l&rsquo;\u00e9n\u00e9vement \u00c9MA est mis de l&rsquo;avant pour ramasser des fonds, mais \u00e9galement pour rassembler la communcaut\u00e9 autour de la cause du bien-\u00eatre animal. C&rsquo;est une formidable journ\u00e9e d\u00e9di\u00e9e aux animaux\u00a0\u00bb<\/div>\n<\/div>\n<\/blockquote>\n<\/div>\n\n\n<p><\/p>\n","protected":false},"excerpt":{"rendered":"<p>2024 R\u00e8glement sur le bien-\u00eatre et la s\u00e9curit\u00e9 des animaux domestiques de compagnie et des \u00e9quid\u00e9s. 2021 &#8211; Avis d&rsquo;Adoption de chiens du Nord-du-Qu\u00e9bec ; AVIS- MAPAQ\u00a0 AVANT D&rsquo;ADOPTER UN CHIEN DU NORD- D\u00c9PLIANT\u00a0 2020&#8211; Nouvelle r\u00e9glementation\u00a0 A jour au 1 er avril 2020-R\u00e9glementation\u00a0 provinciale d&rsquo;encadrement des chiens\u00a0 2020-L&rsquo;AAFP a \u00e9mis de nouvelles recommandations pour [&hellip;]<\/p>\n","protected":false},"author":2,"featured_media":0,"parent":0,"menu_order":0,"comment_status":"closed","ping_status":"closed","template":"","meta":{"footnotes":""},"class_list":["post-40","page","type-page","status-publish","hentry"],"_links":{"self":[{"href":"http:\/\/www.avqmr.org\/index.php?rest_route=\/wp\/v2\/pages\/40","targetHints":{"allow":["GET"]}}],"collection":[{"href":"http:\/\/www.avqmr.org\/index.php?rest_route=\/wp\/v2\/pages"}],"about":[{"href":"http:\/\/www.avqmr.org\/index.php?rest_route=\/wp\/v2\/types\/page"}],"author":[{"embeddable":true,"href":"http:\/\/www.avqmr.org\/index.php?rest_route=\/wp\/v2\/users\/2"}],"replies":[{"embeddable":true,"href":"http:\/\/www.avqmr.org\/index.php?rest_route=%2Fwp%2Fv2%2Fcomments&post=40"}],"version-history":[{"count":10,"href":"http:\/\/www.avqmr.org\/index.php?rest_route=\/wp\/v2\/pages\/40\/revisions"}],"predecessor-version":[{"id":1923,"href":"http:\/\/www.avqmr.org\/index.php?rest_route=\/wp\/v2\/pages\/40\/revisions\/1923"}],"wp:attachment":[{"href":"http:\/\/www.avqmr.org\/index.php?rest_route=%2Fwp%2Fv2%2Fmedia&parent=40"}],"curies":[{"name":"wp","href":"https:\/\/api.w.org\/{rel}","templated":true}]}}