{"id":36,"date":"2014-07-29T17:55:14","date_gmt":"2014-07-29T17:55:14","guid":{"rendered":"http:\/\/www.avqmr.org\/?page_id=36"},"modified":"2015-12-13T20:49:16","modified_gmt":"2015-12-13T20:49:16","slug":"enonces-de-position","status":"publish","type":"page","link":"http:\/\/www.avqmr.org\/?page_id=36","title":{"rendered":"\u00c9nonc\u00e9s de position"},"content":{"rendered":"<p>\u00c0 venir.<\/p>\n","protected":false},"excerpt":{"rendered":"<p>\u00c0 venir.<\/p>\n","protected":false},"author":2,"featured_media":0,"parent":0,"menu_order":0,"comment_status":"closed","ping_status":"closed","template":"","meta":{"footnotes":""},"class_list":["post-36","page","type-page","status-publish","hentry"],"_links":{"self":[{"href":"http:\/\/www.avqmr.org\/index.php?rest_route=\/wp\/v2\/pages\/36","targetHints":{"allow":["GET"]}}],"collection":[{"href":"http:\/\/www.avqmr.org\/index.php?rest_route=\/wp\/v2\/pages"}],"about":[{"href":"http:\/\/www.avqmr.org\/index.php?rest_route=\/wp\/v2\/types\/page"}],"author":[{"embeddable":true,"href":"http:\/\/www.avqmr.org\/index.php?rest_route=\/wp\/v2\/users\/2"}],"replies":[{"embeddable":true,"href":"http:\/\/www.avqmr.org\/index.php?rest_route=%2Fwp%2Fv2%2Fcomments&post=36"}],"version-history":[{"count":6,"href":"http:\/\/www.avqmr.org\/index.php?rest_route=\/wp\/v2\/pages\/36\/revisions"}],"predecessor-version":[{"id":720,"href":"http:\/\/www.avqmr.org\/index.php?rest_route=\/wp\/v2\/pages\/36\/revisions\/720"}],"wp:attachment":[{"href":"http:\/\/www.avqmr.org\/index.php?rest_route=%2Fwp%2Fv2%2Fmedia&parent=36"}],"curies":[{"name":"wp","href":"https:\/\/api.w.org\/{rel}","templated":true}]}}