{"id":26,"date":"2014-07-29T17:53:07","date_gmt":"2014-07-29T17:53:07","guid":{"rendered":"http:\/\/www.avqmr.org\/?page_id=26"},"modified":"2025-02-25T15:29:48","modified_gmt":"2025-02-25T15:29:48","slug":"conseil-dadministration","status":"publish","type":"page","link":"http:\/\/www.avqmr.org\/?page_id=26","title":{"rendered":"Conseil d&rsquo;administration et comit\u00e9 ex\u00e9cutif"},"content":{"rendered":"<p><i>Organisation\u00a0:<\/i><\/p>\n<p>L\u2019AVQMR est repr\u00e9sent\u00e9 par un conseil d&rsquo;administration (CA) compos\u00e9 d&rsquo;un maximum de neuf membres b\u00e9n\u00e9voles et d`un comit\u00e9 ex\u00e9cutif compos\u00e9 de 5 membres, \u00e9lus par un vote des membres de l`organisation.<\/p>\n<p><i>Conseil d\u2019administration<\/i><\/p>\n<ul>\n<li>Pr\u00e9sident et porte-parole : Dre St\u00e9phanie Boisclair, m.v.<\/li>\n<li>Vice-pr\u00e9sidente : Dr Vincent Paradis, m.v.<\/li>\n<li>Secr\u00e9taire : Dre Julie Brunette, m.v.<\/li>\n<li>Tr\u00e9sori\u00e8re : Dre Anna MacKay, m.v.<\/li>\n<li>Administrateur : Dre Gabrielle Carri\u00e8re, m.v.<\/li>\n<li>Collaborateur : Dr Alexandre Ellis, m.v.<\/li>\n<li>Collaboratrice : Dre Debbie Tacium, m.v.<\/li>\n<li>Collaboratrice : Tiffany Gamelin, m.v.<\/li>\n<\/ul>\n<p><i>Comit\u00e9 ex\u00e9cutif<\/i><\/p>\n<ul>\n<li>Dre St\u00e9phanie Boisclair. &#8211; Responsable<\/li>\n<li>De Vincent Paradis, m.v.<\/li>\n<li>Dre Gabrielle Carri\u00e8re, m.v.<\/li>\n<li>Dre Julie Brunette, m.v.<\/li>\n<li>Dre Anna MacKay , m.v.<\/li>\n<\/ul>\n","protected":false},"excerpt":{"rendered":"<p>Organisation\u00a0: L\u2019AVQMR est repr\u00e9sent\u00e9 par un conseil d&rsquo;administration (CA) compos\u00e9 d&rsquo;un maximum de neuf membres b\u00e9n\u00e9voles et d`un comit\u00e9 ex\u00e9cutif compos\u00e9 de 5 membres, \u00e9lus par un vote des membres de l`organisation. Conseil d\u2019administration Pr\u00e9sident et porte-parole : Dre St\u00e9phanie Boisclair, m.v. Vice-pr\u00e9sidente : Dr Vincent Paradis, m.v. Secr\u00e9taire : Dre Julie Brunette, m.v. Tr\u00e9sori\u00e8re [&hellip;]<\/p>\n","protected":false},"author":2,"featured_media":0,"parent":0,"menu_order":0,"comment_status":"closed","ping_status":"closed","template":"","meta":{"footnotes":""},"class_list":["post-26","page","type-page","status-publish","hentry"],"_links":{"self":[{"href":"http:\/\/www.avqmr.org\/index.php?rest_route=\/wp\/v2\/pages\/26","targetHints":{"allow":["GET"]}}],"collection":[{"href":"http:\/\/www.avqmr.org\/index.php?rest_route=\/wp\/v2\/pages"}],"about":[{"href":"http:\/\/www.avqmr.org\/index.php?rest_route=\/wp\/v2\/types\/page"}],"author":[{"embeddable":true,"href":"http:\/\/www.avqmr.org\/index.php?rest_route=\/wp\/v2\/users\/2"}],"replies":[{"embeddable":true,"href":"http:\/\/www.avqmr.org\/index.php?rest_route=%2Fwp%2Fv2%2Fcomments&post=26"}],"version-history":[{"count":10,"href":"http:\/\/www.avqmr.org\/index.php?rest_route=\/wp\/v2\/pages\/26\/revisions"}],"predecessor-version":[{"id":1961,"href":"http:\/\/www.avqmr.org\/index.php?rest_route=\/wp\/v2\/pages\/26\/revisions\/1961"}],"wp:attachment":[{"href":"http:\/\/www.avqmr.org\/index.php?rest_route=%2Fwp%2Fv2%2Fmedia&parent=26"}],"curies":[{"name":"wp","href":"https:\/\/api.w.org\/{rel}","templated":true}]}}