{"id":20,"date":"2014-07-29T17:52:07","date_gmt":"2014-07-29T17:52:07","guid":{"rendered":"http:\/\/www.avqmr.org\/?page_id=20"},"modified":"2015-12-13T21:09:04","modified_gmt":"2015-12-13T21:09:04","slug":"qui-sommes-nous","status":"publish","type":"page","link":"http:\/\/www.avqmr.org\/?page_id=20","title":{"rendered":"Qui sommes nous?"},"content":{"rendered":"<p>L\u2019Association v\u00e9t\u00e9rinaire qu\u00e9b\u00e9coise de m\u00e9decine de refuge (AVQMR) est la premi\u00e8re association de m\u00e9decins v\u00e9t\u00e9rinaires d\u00e9di\u00e9s \u00e0 la m\u00e9decine de refuge et de populations d\u2019animaux de compagnie au Canada. L\u2019initiative s\u2019inspire de son homologue am\u00e9ricain, l&rsquo;<i>Association of Shelter Veterinarians<\/i> (ASV), fond\u00e9e au d\u00e9but des ann\u00e9es 2000 et qui a d\u00e9j\u00e0 produit des documents clefs ayant fait progresser la situation des refuges.<\/p>\n<p>L\u2019AVQMR fut officiellement constitu\u00e9e en janvier 2012. Sa formation est venue suite \u00e0 un besoin vivement ressenti par plusieurs m\u00e9decins v\u00e9t\u00e9rinaires ayant le d\u00e9sir de s\u2019impliquer avec plus d\u2019efficacit\u00e9 et de concertation aupr\u00e8s des populations d\u2019animaux de compagnie. L\u2019association repr\u00e9sente des m\u00e9decins v\u00e9t\u00e9rinaires \u0153uvrant aupr\u00e8s des refuges (SPA, SPCA, Services Animaliers, etc.), mais \u00e9galement aupr\u00e8s des \u00e9levages, des colonies et populations d\u2019animaux errants, des animaux issus de saisies et dans les institutions gouvernementales.<\/p>\n<p><strong>Le m\u00e9decin v\u00e9t\u00e9rinaire est un acteur incontournable dans tous les secteurs visant le bien-\u00eatre animal. Un leadership inclusif, rassembleur et ax\u00e9 sur la collaboration et la tol\u00e9rance est essentiel pour faire avancer cette cause qui nous est ch\u00e8re.<\/strong><\/p>\n","protected":false},"excerpt":{"rendered":"<p>L\u2019Association v\u00e9t\u00e9rinaire qu\u00e9b\u00e9coise de m\u00e9decine de refuge (AVQMR) est la premi\u00e8re association de m\u00e9decins v\u00e9t\u00e9rinaires d\u00e9di\u00e9s \u00e0 la m\u00e9decine de refuge et de populations d\u2019animaux de compagnie au Canada. L\u2019initiative s\u2019inspire de son homologue am\u00e9ricain, l&rsquo;Association of Shelter Veterinarians (ASV), fond\u00e9e au d\u00e9but des ann\u00e9es 2000 et qui a d\u00e9j\u00e0 produit des documents clefs ayant [&hellip;]<\/p>\n","protected":false},"author":2,"featured_media":0,"parent":0,"menu_order":0,"comment_status":"closed","ping_status":"closed","template":"","meta":{"footnotes":""},"class_list":["post-20","page","type-page","status-publish","hentry"],"_links":{"self":[{"href":"http:\/\/www.avqmr.org\/index.php?rest_route=\/wp\/v2\/pages\/20","targetHints":{"allow":["GET"]}}],"collection":[{"href":"http:\/\/www.avqmr.org\/index.php?rest_route=\/wp\/v2\/pages"}],"about":[{"href":"http:\/\/www.avqmr.org\/index.php?rest_route=\/wp\/v2\/types\/page"}],"author":[{"embeddable":true,"href":"http:\/\/www.avqmr.org\/index.php?rest_route=\/wp\/v2\/users\/2"}],"replies":[{"embeddable":true,"href":"http:\/\/www.avqmr.org\/index.php?rest_route=%2Fwp%2Fv2%2Fcomments&post=20"}],"version-history":[{"count":7,"href":"http:\/\/www.avqmr.org\/index.php?rest_route=\/wp\/v2\/pages\/20\/revisions"}],"predecessor-version":[{"id":730,"href":"http:\/\/www.avqmr.org\/index.php?rest_route=\/wp\/v2\/pages\/20\/revisions\/730"}],"wp:attachment":[{"href":"http:\/\/www.avqmr.org\/index.php?rest_route=%2Fwp%2Fv2%2Fmedia&parent=20"}],"curies":[{"name":"wp","href":"https:\/\/api.w.org\/{rel}","templated":true}]}}